{"id":6775,"date":"2026-01-19T12:50:36","date_gmt":"2026-01-19T11:50:36","guid":{"rendered":"https:\/\/indem.uc3m.es\/?page_id=6775"},"modified":"2026-01-19T13:09:35","modified_gmt":"2026-01-19T12:09:35","slug":"cursos","status":"publish","type":"page","link":"https:\/\/indem.uc3m.es\/es\/cursos\/","title":{"rendered":"Cursos"},"content":{"rendered":"\t\t<div data-elementor-type=\"wp-page\" data-elementor-id=\"6775\" class=\"elementor elementor-6775\" data-elementor-post-type=\"page\">\n\t\t\t\t<div data-particle_enable=\"false\" data-particle-mobile-disabled=\"false\" class=\"elementor-element elementor-element-72a5068 e-flex e-con-boxed e-con e-parent\" data-id=\"72a5068\" data-element_type=\"container\" data-e-type=\"container\" data-settings=\"{&quot;background_background&quot;:&quot;classic&quot;,&quot;jet_parallax_layout_list&quot;:[]}\">\n\t\t\t\t\t<div class=\"e-con-inner\">\n\t\t<div data-particle_enable=\"false\" data-particle-mobile-disabled=\"false\" class=\"elementor-element elementor-element-a339cfa e-con-full e-flex e-con e-child\" data-id=\"a339cfa\" data-element_type=\"container\" data-e-type=\"container\" data-settings=\"{&quot;jet_parallax_layout_list&quot;:[]}\">\n\t\t\t\t<div class=\"elementor-element elementor-element-055701a elementor-widget elementor-widget-heading\" data-id=\"055701a\" data-element_type=\"widget\" data-e-type=\"widget\" data-widget_type=\"heading.default\">\n\t\t\t\t\t<h1 class=\"elementor-heading-title elementor-size-default\">Cursos<\/h1>\t\t\t\t<\/div>\n\t\t\t\t<\/div>\n\t\t\t\t\t<\/div>\n\t\t\t\t<\/div>\n\t\t<div data-particle_enable=\"false\" data-particle-mobile-disabled=\"false\" class=\"elementor-element elementor-element-b03c20c e-flex e-con-boxed e-con e-parent\" data-id=\"b03c20c\" data-element_type=\"container\" data-e-type=\"container\" data-settings=\"{&quot;jet_parallax_layout_list&quot;:[]}\">\n\t\t\t\t\t<div class=\"e-con-inner\">\n\t\t\t\t<div class=\"elementor-element elementor-element-f56c1a3 elementor-grid-3 elementor-grid-tablet-2 elementor-grid-mobile-1 elementor-posts--thumbnail-top elementor-posts--show-avatar elementor-card-shadow-yes elementor-posts__hover-gradient elementor-widget elementor-widget-posts\" data-id=\"f56c1a3\" data-element_type=\"widget\" data-e-type=\"widget\" data-settings=\"{&quot;cards_columns&quot;:&quot;3&quot;,&quot;cards_columns_tablet&quot;:&quot;2&quot;,&quot;cards_columns_mobile&quot;:&quot;1&quot;,&quot;cards_row_gap&quot;:{&quot;unit&quot;:&quot;px&quot;,&quot;size&quot;:35,&quot;sizes&quot;:[]},&quot;cards_row_gap_tablet&quot;:{&quot;unit&quot;:&quot;px&quot;,&quot;size&quot;:&quot;&quot;,&quot;sizes&quot;:[]},&quot;cards_row_gap_mobile&quot;:{&quot;unit&quot;:&quot;px&quot;,&quot;size&quot;:&quot;&quot;,&quot;sizes&quot;:[]}}\" data-widget_type=\"posts.cards\">\n\t\t\t\t<div class=\"elementor-widget-container\">\n\t\t\t\t\t\t\t<div class=\"elementor-posts-container elementor-posts elementor-posts--skin-cards elementor-grid\" role=\"list\">\n\t\t\t\t<article class=\"elementor-post elementor-grid-item post-6786 page type-page status-publish has-post-thumbnail hentry\" role=\"listitem\">\n\t\t\t<div class=\"elementor-post__card\">\n\t\t\t\t<a class=\"elementor-post__thumbnail__link\" href=\"https:\/\/indem.uc3m.es\/es\/cursos\/introduccion-a-la-programacion-en-python\/\" tabindex=\"-1\" ><div class=\"elementor-post__thumbnail\"><img decoding=\"async\" width=\"300\" height=\"102\" src=\"https:\/\/indem.uc3m.es\/wp-content\/uploads\/2025\/03\/default_curso-300x102.jpg\" class=\"attachment-medium size-medium wp-image-3046\" alt=\"\" srcset=\"https:\/\/indem.uc3m.es\/wp-content\/uploads\/2025\/03\/default_curso-300x102.jpg 300w, https:\/\/indem.uc3m.es\/wp-content\/uploads\/2025\/03\/default_curso-1024x347.jpg 1024w, https:\/\/indem.uc3m.es\/wp-content\/uploads\/2025\/03\/default_curso-768x260.jpg 768w, https:\/\/indem.uc3m.es\/wp-content\/uploads\/2025\/03\/default_curso.jpg 1200w\" sizes=\"(max-width: 300px) 100vw, 300px\" \/><\/div><\/a>\n\t\t\t\t<div class=\"elementor-post__avatar\">\n\t\t\t<img alt='Hormigas en la Nube' src='https:\/\/secure.gravatar.com\/avatar\/722bc70652c31ce9c72f591f1aa6344bb95f639c33dfd736720845eccc4962a0?s=128&#038;d=mm&#038;r=g' srcset='https:\/\/secure.gravatar.com\/avatar\/722bc70652c31ce9c72f591f1aa6344bb95f639c33dfd736720845eccc4962a0?s=256&#038;d=mm&#038;r=g 2x' class='avatar avatar-128 photo' height='128' width='128' \/>\t\t<\/div>\n\t\t\t\t<div class=\"elementor-post__text\">\n\t\t\t\t<h3 class=\"elementor-post__title\">\n\t\t\t<a href=\"https:\/\/indem.uc3m.es\/es\/cursos\/introduccion-a-la-programacion-en-python\/\" >\n\t\t\t\tIntroducci\u00f3n a la programaci\u00f3n en Python\t\t\t<\/a>\n\t\t<\/h3>\n\t\t\t\t<div class=\"elementor-post__excerpt\">\n\t\t\t<p>El lenguaje de programaci\u00f3n Python es muy demandado en el mercado laboral, dado que es ampliamente utilizado por empresas de todo el mundo para construir aplicaciones web, analizar datos, realizar presentaciones, automatizar operaciones y crear aplicaciones.<\/p> <p>Este lenguaje de programaci\u00f3n es utilizado por un amplio abanico de empresas, como son las compa\u00f1\u00edas tecnol\u00f3gicas, como Google, Uber o Netflix, quienes llevan a\u00f1os utilizando este lenguaje de programaci\u00f3n y construyendo su infraestructura tecnol\u00f3gica bas\u00e1ndose en \u00e9l o\t\t<\/div>\n\t\t\n\t\t<a class=\"elementor-post__read-more\" href=\"https:\/\/indem.uc3m.es\/es\/cursos\/introduccion-a-la-programacion-en-python\/\" aria-label=\"M\u00e1s informaci\u00f3n sobre Introducci\u00f3n a la programaci\u00f3n en Python\" tabindex=\"-1\" >\n\t\t\tRegistrarse Ahora \u00bb\t\t<\/a>\n\n\t\t\t\t<\/div>\n\t\t\t\t\t<\/div>\n\t\t<\/article>\n\t\t\t\t<article class=\"elementor-post elementor-grid-item post-6782 page type-page status-publish has-post-thumbnail hentry\" role=\"listitem\">\n\t\t\t<div class=\"elementor-post__card\">\n\t\t\t\t<a class=\"elementor-post__thumbnail__link\" href=\"https:\/\/indem.uc3m.es\/es\/cursos\/power-bi-impulsar-las-carreras-profesionales\/\" tabindex=\"-1\" ><div class=\"elementor-post__thumbnail\"><img decoding=\"async\" width=\"300\" height=\"102\" src=\"https:\/\/indem.uc3m.es\/wp-content\/uploads\/2025\/03\/default_curso-300x102.jpg\" class=\"attachment-medium size-medium wp-image-3046\" alt=\"\" srcset=\"https:\/\/indem.uc3m.es\/wp-content\/uploads\/2025\/03\/default_curso-300x102.jpg 300w, https:\/\/indem.uc3m.es\/wp-content\/uploads\/2025\/03\/default_curso-1024x347.jpg 1024w, https:\/\/indem.uc3m.es\/wp-content\/uploads\/2025\/03\/default_curso-768x260.jpg 768w, https:\/\/indem.uc3m.es\/wp-content\/uploads\/2025\/03\/default_curso.jpg 1200w\" sizes=\"(max-width: 300px) 100vw, 300px\" \/><\/div><\/a>\n\t\t\t\t<div class=\"elementor-post__avatar\">\n\t\t\t<img alt='Hormigas en la Nube' src='https:\/\/secure.gravatar.com\/avatar\/722bc70652c31ce9c72f591f1aa6344bb95f639c33dfd736720845eccc4962a0?s=128&#038;d=mm&#038;r=g' srcset='https:\/\/secure.gravatar.com\/avatar\/722bc70652c31ce9c72f591f1aa6344bb95f639c33dfd736720845eccc4962a0?s=256&#038;d=mm&#038;r=g 2x' class='avatar avatar-128 photo' height='128' width='128' \/>\t\t<\/div>\n\t\t\t\t<div class=\"elementor-post__text\">\n\t\t\t\t<h3 class=\"elementor-post__title\">\n\t\t\t<a href=\"https:\/\/indem.uc3m.es\/es\/cursos\/power-bi-impulsar-las-carreras-profesionales\/\" >\n\t\t\t\tPower BI &#8211; Impulsar las carreras profesionales\t\t\t<\/a>\n\t\t<\/h3>\n\t\t\t\t<div class=\"elementor-post__excerpt\">\n\t\t\t<p>Este curso de Power BI tiene como objetivo capacitar a los alumnos en el uso efectivo de esta herramienta de an\u00e1lisis y visualizaci\u00f3n de datos.<\/p> <p>A trav\u00e9s de ejercicios pr\u00e1cticos y casos de estudio, los estudiantes aprender\u00e1n a importar, transformar y modelar datos, as\u00ed como a crear visualizaciones interactivas y paneles de control.<\/p> <p>Al finalizar el curso, los participantes estar\u00e1n preparados para utilizar Power BI de manera aut\u00f3noma, mejorando la toma de decisiones basada en\t\t<\/div>\n\t\t\n\t\t<a class=\"elementor-post__read-more\" href=\"https:\/\/indem.uc3m.es\/es\/cursos\/power-bi-impulsar-las-carreras-profesionales\/\" aria-label=\"M\u00e1s informaci\u00f3n sobre Power BI &#8211; Impulsar las carreras profesionales\" tabindex=\"-1\" >\n\t\t\tRegistrarse Ahora \u00bb\t\t<\/a>\n\n\t\t\t\t<\/div>\n\t\t\t\t\t<\/div>\n\t\t<\/article>\n\t\t\t\t<article class=\"elementor-post elementor-grid-item post-153 page type-page status-publish has-post-thumbnail hentry\" role=\"listitem\">\n\t\t\t<div class=\"elementor-post__card\">\n\t\t\t\t<a class=\"elementor-post__thumbnail__link\" href=\"https:\/\/indem.uc3m.es\/es\/cursos\/introduccion-a-la-banca-de-inversion\/\" tabindex=\"-1\" ><div class=\"elementor-post__thumbnail\"><img decoding=\"async\" width=\"300\" height=\"102\" src=\"https:\/\/indem.uc3m.es\/wp-content\/uploads\/2025\/03\/default_curso-300x102.jpg\" class=\"attachment-medium size-medium wp-image-3046\" alt=\"\" srcset=\"https:\/\/indem.uc3m.es\/wp-content\/uploads\/2025\/03\/default_curso-300x102.jpg 300w, https:\/\/indem.uc3m.es\/wp-content\/uploads\/2025\/03\/default_curso-1024x347.jpg 1024w, https:\/\/indem.uc3m.es\/wp-content\/uploads\/2025\/03\/default_curso-768x260.jpg 768w, https:\/\/indem.uc3m.es\/wp-content\/uploads\/2025\/03\/default_curso.jpg 1200w\" sizes=\"(max-width: 300px) 100vw, 300px\" \/><\/div><\/a>\n\t\t\t\t<div class=\"elementor-post__avatar\">\n\t\t\t<img alt='Hormigas en la Nube' src='https:\/\/secure.gravatar.com\/avatar\/722bc70652c31ce9c72f591f1aa6344bb95f639c33dfd736720845eccc4962a0?s=128&#038;d=mm&#038;r=g' srcset='https:\/\/secure.gravatar.com\/avatar\/722bc70652c31ce9c72f591f1aa6344bb95f639c33dfd736720845eccc4962a0?s=256&#038;d=mm&#038;r=g 2x' class='avatar avatar-128 photo' height='128' width='128' \/>\t\t<\/div>\n\t\t\t\t<div class=\"elementor-post__text\">\n\t\t\t\t<h3 class=\"elementor-post__title\">\n\t\t\t<a href=\"https:\/\/indem.uc3m.es\/es\/cursos\/introduccion-a-la-banca-de-inversion\/\" >\n\t\t\t\tIntroducci\u00f3n a la Banca de Inversi\u00f3n\t\t\t<\/a>\n\t\t<\/h3>\n\t\t\t\t<div class=\"elementor-post__excerpt\">\n\t\t\t<p>Tras el \u00e9xito de las dos primeras ediciones del curso de Banca de Inversi\u00f3n, proponemos lanzar una tercera edici\u00f3n. La Banca de Inversi\u00f3n es una de las \u00e1reas m\u00e1s exigentes y t\u00e9cnicas de la banca que adem\u00e1s cuenta con unas inmejorables perspectivas de desarrollo profesional. Durante la \u00faltima d\u00e9cada, la transformaci\u00f3n has sido vertiginosa, apareciendo tanto nuevos productos como actores antes no existentes. Dicho esto, los procesos de selecci\u00f3n son exigentes y es fundamental que\t\t<\/div>\n\t\t\n\t\t<a class=\"elementor-post__read-more\" href=\"https:\/\/indem.uc3m.es\/es\/cursos\/introduccion-a-la-banca-de-inversion\/\" aria-label=\"M\u00e1s informaci\u00f3n sobre Introducci\u00f3n a la Banca de Inversi\u00f3n\" tabindex=\"-1\" >\n\t\t\tRegistrarse Ahora \u00bb\t\t<\/a>\n\n\t\t\t\t<\/div>\n\t\t\t\t\t<\/div>\n\t\t<\/article>\n\t\t\t\t<\/div>\n\t\t\n\t\t\t\t\t\t<\/div>\n\t\t\t\t<\/div>\n\t\t<div data-particle_enable=\"false\" data-particle-mobile-disabled=\"false\" class=\"elementor-element elementor-element-884ce91 e-con-full e-flex e-con e-child\" data-id=\"884ce91\" data-element_type=\"container\" data-e-type=\"container\" data-settings=\"{&quot;jet_parallax_layout_list&quot;:[]}\">\n\t\t\t\t<\/div>\n\t\t\t\t\t<\/div>\n\t\t\t\t<\/div>\n\t\t\t\t<\/div>\n\t\t","protected":false},"excerpt":{"rendered":"<p>Cursos<\/p>\n","protected":false},"author":1,"featured_media":0,"parent":0,"menu_order":0,"comment_status":"closed","ping_status":"closed","template":"","meta":{"site-sidebar-layout":"no-sidebar","site-content-layout":"page-builder","ast-site-content-layout":"full-width-container","site-content-style":"unboxed","site-sidebar-style":"unboxed","ast-global-header-display":"","ast-banner-title-visibility":"","ast-main-header-display":"","ast-hfb-above-header-display":"","ast-hfb-below-header-display":"","ast-hfb-mobile-header-display":"","site-post-title":"disabled","ast-breadcrumbs-content":"disabled","ast-featured-img":"disabled","footer-sml-layout":"","ast-disable-related-posts":"","theme-transparent-header-meta":"default","adv-header-id-meta":"","stick-header-meta":"","header-above-stick-meta":"","header-main-stick-meta":"","header-below-stick-meta":"","astra-migrate-meta-layouts":"set","ast-page-background-enabled":"default","ast-page-background-meta":{"desktop":{"background-color":"","background-image":"","background-repeat":"repeat","background-position":"center center","background-size":"auto","background-attachment":"scroll","background-type":"","background-media":"","overlay-type":"","overlay-color":"","overlay-opacity":"","overlay-gradient":""},"tablet":{"background-color":"","background-image":"","background-repeat":"repeat","background-position":"center center","background-size":"auto","background-attachment":"scroll","background-type":"","background-media":"","overlay-type":"","overlay-color":"","overlay-opacity":"","overlay-gradient":""},"mobile":{"background-color":"","background-image":"","background-repeat":"repeat","background-position":"center center","background-size":"auto","background-attachment":"scroll","background-type":"","background-media":"","overlay-type":"","overlay-color":"","overlay-opacity":"","overlay-gradient":""}},"ast-content-background-meta":{"desktop":{"background-color":"var(--ast-global-color-5)","background-image":"","background-repeat":"repeat","background-position":"center center","background-size":"auto","background-attachment":"scroll","background-type":"","background-media":"","overlay-type":"","overlay-color":"","overlay-opacity":"","overlay-gradient":""},"tablet":{"background-color":"var(--ast-global-color-5)","background-image":"","background-repeat":"repeat","background-position":"center center","background-size":"auto","background-attachment":"scroll","background-type":"","background-media":"","overlay-type":"","overlay-color":"","overlay-opacity":"","overlay-gradient":""},"mobile":{"background-color":"var(--ast-global-color-5)","background-image":"","background-repeat":"repeat","background-position":"center center","background-size":"auto","background-attachment":"scroll","background-type":"","background-media":"","overlay-type":"","overlay-color":"","overlay-opacity":"","overlay-gradient":""}},"footnotes":""},"class_list":["post-6775","page","type-page","status-publish","hentry"],"yoast_head":"<!-- This site is optimized with the Yoast SEO plugin v27.5 - https:\/\/yoast.com\/product\/yoast-seo-wordpress\/ -->\n<title>Cursos - INDEM - Departamento de Econom\u00eda de la Empresa<\/title>\n<meta name=\"robots\" content=\"index, follow, max-snippet:-1, max-image-preview:large, max-video-preview:-1\" \/>\n<link rel=\"canonical\" href=\"https:\/\/indem.uc3m.es\/es\/cursos\/\" \/>\n<meta property=\"og:locale\" content=\"es_ES\" \/>\n<meta property=\"og:type\" content=\"article\" \/>\n<meta property=\"og:title\" content=\"Cursos - INDEM - Departamento de Econom\u00eda de la Empresa\" \/>\n<meta property=\"og:description\" content=\"Cursos\" \/>\n<meta property=\"og:url\" content=\"https:\/\/indem.uc3m.es\/es\/cursos\/\" \/>\n<meta property=\"og:site_name\" content=\"INDEM - Departamento de Econom\u00eda de la Empresa\" \/>\n<meta property=\"article:modified_time\" content=\"2026-01-19T12:09:35+00:00\" \/>\n<meta name=\"twitter:card\" content=\"summary_large_image\" \/>\n<meta name=\"twitter:label1\" content=\"Tiempo de lectura\" \/>\n\t<meta name=\"twitter:data1\" content=\"2 minutos\" \/>\n<script type=\"application\/ld+json\" class=\"yoast-schema-graph\">{\"@context\":\"https:\\\/\\\/schema.org\",\"@graph\":[{\"@type\":\"WebPage\",\"@id\":\"https:\\\/\\\/indem.uc3m.es\\\/es\\\/cursos\\\/\",\"url\":\"https:\\\/\\\/indem.uc3m.es\\\/es\\\/cursos\\\/\",\"name\":\"Cursos - INDEM - Departamento de Econom\u00eda de la Empresa\",\"isPartOf\":{\"@id\":\"https:\\\/\\\/indem.uc3m.es\\\/es\\\/#website\"},\"datePublished\":\"2026-01-19T11:50:36+00:00\",\"dateModified\":\"2026-01-19T12:09:35+00:00\",\"breadcrumb\":{\"@id\":\"https:\\\/\\\/indem.uc3m.es\\\/es\\\/cursos\\\/#breadcrumb\"},\"inLanguage\":\"es\",\"potentialAction\":[{\"@type\":\"ReadAction\",\"target\":[\"https:\\\/\\\/indem.uc3m.es\\\/es\\\/cursos\\\/\"]}]},{\"@type\":\"BreadcrumbList\",\"@id\":\"https:\\\/\\\/indem.uc3m.es\\\/es\\\/cursos\\\/#breadcrumb\",\"itemListElement\":[{\"@type\":\"ListItem\",\"position\":1,\"name\":\"Portada\",\"item\":\"https:\\\/\\\/indem.uc3m.es\\\/es\\\/\"},{\"@type\":\"ListItem\",\"position\":2,\"name\":\"Cursos\"}]},{\"@type\":\"WebSite\",\"@id\":\"https:\\\/\\\/indem.uc3m.es\\\/es\\\/#website\",\"url\":\"https:\\\/\\\/indem.uc3m.es\\\/es\\\/\",\"name\":\"INDEM - Departamento de Econom\u00eda de la Empresa\",\"description\":\"A Journey to Excellence.\",\"publisher\":{\"@id\":\"https:\\\/\\\/indem.uc3m.es\\\/es\\\/#organization\"},\"potentialAction\":[{\"@type\":\"SearchAction\",\"target\":{\"@type\":\"EntryPoint\",\"urlTemplate\":\"https:\\\/\\\/indem.uc3m.es\\\/es\\\/?s={search_term_string}\"},\"query-input\":{\"@type\":\"PropertyValueSpecification\",\"valueRequired\":true,\"valueName\":\"search_term_string\"}}],\"inLanguage\":\"es\"},{\"@type\":\"Organization\",\"@id\":\"https:\\\/\\\/indem.uc3m.es\\\/es\\\/#organization\",\"name\":\"INDEM - Departamento de Econom\u00eda de la Empresa\",\"url\":\"https:\\\/\\\/indem.uc3m.es\\\/es\\\/\",\"logo\":{\"@type\":\"ImageObject\",\"inLanguage\":\"es\",\"@id\":\"https:\\\/\\\/indem.uc3m.es\\\/es\\\/#\\\/schema\\\/logo\\\/image\\\/\",\"url\":\"https:\\\/\\\/indem.uc3m.es\\\/wp-content\\\/uploads\\\/2025\\\/03\\\/cropped-uc3m_Denom_InstitutoDeasrrollo_Empresarial-01.png\",\"contentUrl\":\"https:\\\/\\\/indem.uc3m.es\\\/wp-content\\\/uploads\\\/2025\\\/03\\\/cropped-uc3m_Denom_InstitutoDeasrrollo_Empresarial-01.png\",\"width\":675,\"height\":129,\"caption\":\"INDEM - Departamento de Econom\u00eda de la Empresa\"},\"image\":{\"@id\":\"https:\\\/\\\/indem.uc3m.es\\\/es\\\/#\\\/schema\\\/logo\\\/image\\\/\"}}]}<\/script>\n<!-- \/ Yoast SEO plugin. -->","yoast_head_json":{"title":"Cursos - INDEM - Departamento de Econom\u00eda de la Empresa","robots":{"index":"index","follow":"follow","max-snippet":"max-snippet:-1","max-image-preview":"max-image-preview:large","max-video-preview":"max-video-preview:-1"},"canonical":"https:\/\/indem.uc3m.es\/es\/cursos\/","og_locale":"es_ES","og_type":"article","og_title":"Cursos - INDEM - Departamento de Econom\u00eda de la Empresa","og_description":"Cursos","og_url":"https:\/\/indem.uc3m.es\/es\/cursos\/","og_site_name":"INDEM - Departamento de Econom\u00eda de la Empresa","article_modified_time":"2026-01-19T12:09:35+00:00","twitter_card":"summary_large_image","twitter_misc":{"Tiempo de lectura":"2 minutos"},"schema":{"@context":"https:\/\/schema.org","@graph":[{"@type":"WebPage","@id":"https:\/\/indem.uc3m.es\/es\/cursos\/","url":"https:\/\/indem.uc3m.es\/es\/cursos\/","name":"Cursos - INDEM - Departamento de Econom\u00eda de la Empresa","isPartOf":{"@id":"https:\/\/indem.uc3m.es\/es\/#website"},"datePublished":"2026-01-19T11:50:36+00:00","dateModified":"2026-01-19T12:09:35+00:00","breadcrumb":{"@id":"https:\/\/indem.uc3m.es\/es\/cursos\/#breadcrumb"},"inLanguage":"es","potentialAction":[{"@type":"ReadAction","target":["https:\/\/indem.uc3m.es\/es\/cursos\/"]}]},{"@type":"BreadcrumbList","@id":"https:\/\/indem.uc3m.es\/es\/cursos\/#breadcrumb","itemListElement":[{"@type":"ListItem","position":1,"name":"Portada","item":"https:\/\/indem.uc3m.es\/es\/"},{"@type":"ListItem","position":2,"name":"Cursos"}]},{"@type":"WebSite","@id":"https:\/\/indem.uc3m.es\/es\/#website","url":"https:\/\/indem.uc3m.es\/es\/","name":"INDEM - Departamento de Econom\u00eda de la Empresa","description":"A Journey to Excellence.","publisher":{"@id":"https:\/\/indem.uc3m.es\/es\/#organization"},"potentialAction":[{"@type":"SearchAction","target":{"@type":"EntryPoint","urlTemplate":"https:\/\/indem.uc3m.es\/es\/?s={search_term_string}"},"query-input":{"@type":"PropertyValueSpecification","valueRequired":true,"valueName":"search_term_string"}}],"inLanguage":"es"},{"@type":"Organization","@id":"https:\/\/indem.uc3m.es\/es\/#organization","name":"INDEM - Departamento de Econom\u00eda de la Empresa","url":"https:\/\/indem.uc3m.es\/es\/","logo":{"@type":"ImageObject","inLanguage":"es","@id":"https:\/\/indem.uc3m.es\/es\/#\/schema\/logo\/image\/","url":"https:\/\/indem.uc3m.es\/wp-content\/uploads\/2025\/03\/cropped-uc3m_Denom_InstitutoDeasrrollo_Empresarial-01.png","contentUrl":"https:\/\/indem.uc3m.es\/wp-content\/uploads\/2025\/03\/cropped-uc3m_Denom_InstitutoDeasrrollo_Empresarial-01.png","width":675,"height":129,"caption":"INDEM - Departamento de Econom\u00eda de la Empresa"},"image":{"@id":"https:\/\/indem.uc3m.es\/es\/#\/schema\/logo\/image\/"}}]}},"_links":{"self":[{"href":"https:\/\/indem.uc3m.es\/es\/wp-json\/wp\/v2\/pages\/6775","targetHints":{"allow":["GET"]}}],"collection":[{"href":"https:\/\/indem.uc3m.es\/es\/wp-json\/wp\/v2\/pages"}],"about":[{"href":"https:\/\/indem.uc3m.es\/es\/wp-json\/wp\/v2\/types\/page"}],"author":[{"embeddable":true,"href":"https:\/\/indem.uc3m.es\/es\/wp-json\/wp\/v2\/users\/1"}],"replies":[{"embeddable":true,"href":"https:\/\/indem.uc3m.es\/es\/wp-json\/wp\/v2\/comments?post=6775"}],"version-history":[{"count":10,"href":"https:\/\/indem.uc3m.es\/es\/wp-json\/wp\/v2\/pages\/6775\/revisions"}],"predecessor-version":[{"id":6798,"href":"https:\/\/indem.uc3m.es\/es\/wp-json\/wp\/v2\/pages\/6775\/revisions\/6798"}],"wp:attachment":[{"href":"https:\/\/indem.uc3m.es\/es\/wp-json\/wp\/v2\/media?parent=6775"}],"curies":[{"name":"wp","href":"https:\/\/api.w.org\/{rel}","templated":true}]}}